{"id":336,"date":"2018-07-20T14:28:30","date_gmt":"2018-07-20T12:28:30","guid":{"rendered":"https:\/\/zollinger.fr\/?page_id=336"},"modified":"2025-03-05T17:08:08","modified_gmt":"2025-03-05T16:08:08","slug":"presse","status":"publish","type":"page","link":"https:\/\/www.zollinger.fr\/index.php\/presse\/","title":{"rendered":"Maryvonne passe \u00e0 la t\u00e9l\u00e9\u2026"},"content":{"rendered":"\n<p class=\"has-medium-font-size\">reportage TV : La maison France 5, St\u00e9phane Th\u00e9baut\u00a0 <img decoding=\"async\" class=\"wp-image-608\" style=\"width: 43px;\" src=\"https:\/\/www.zollinger.fr\/wp-content\/uploads\/2023\/09\/image.png\" alt=\"\"><\/p>\n\n\n\n<p class=\"has-vivid-red-color has-text-color has-small-font-size\"><em>activez le son ! <\/em><\/p>\n\n\n\n<figure class=\"wp-block-video aligncenter\"><video height=\"272\" style=\"aspect-ratio: 480 \/ 272;\" width=\"480\" controls muted src=\"https:\/\/www.zollinger.fr\/wp-content\/uploads\/2020\/09\/maryvonne.m4v\"><\/video><\/figure>\n","protected":false},"excerpt":{"rendered":"<p>reportage TV : La maison France 5, St\u00e9phane Th\u00e9baut\u00a0 activez le son !<\/p>\n","protected":false},"author":3,"featured_media":0,"parent":0,"menu_order":0,"comment_status":"closed","ping_status":"closed","template":"","meta":{"footnotes":""},"class_list":["post-336","page","type-page","status-publish"],"_links":{"self":[{"href":"https:\/\/www.zollinger.fr\/index.php\/wp-json\/wp\/v2\/pages\/336","targetHints":{"allow":["GET"]}}],"collection":[{"href":"https:\/\/www.zollinger.fr\/index.php\/wp-json\/wp\/v2\/pages"}],"about":[{"href":"https:\/\/www.zollinger.fr\/index.php\/wp-json\/wp\/v2\/types\/page"}],"author":[{"embeddable":true,"href":"https:\/\/www.zollinger.fr\/index.php\/wp-json\/wp\/v2\/users\/3"}],"replies":[{"embeddable":true,"href":"https:\/\/www.zollinger.fr\/index.php\/wp-json\/wp\/v2\/comments?post=336"}],"version-history":[{"count":20,"href":"https:\/\/www.zollinger.fr\/index.php\/wp-json\/wp\/v2\/pages\/336\/revisions"}],"predecessor-version":[{"id":885,"href":"https:\/\/www.zollinger.fr\/index.php\/wp-json\/wp\/v2\/pages\/336\/revisions\/885"}],"wp:attachment":[{"href":"https:\/\/www.zollinger.fr\/index.php\/wp-json\/wp\/v2\/media?parent=336"}],"curies":[{"name":"wp","href":"https:\/\/api.w.org\/{rel}","templated":true}]}}