{"id":253,"date":"2018-05-07T18:22:07","date_gmt":"2018-05-07T16:22:07","guid":{"rendered":"https:\/\/zollinger.fr\/?page_id=253"},"modified":"2024-10-13T10:26:35","modified_gmt":"2024-10-13T08:26:35","slug":"mentions-legales","status":"publish","type":"page","link":"https:\/\/www.zollinger.fr\/index.php\/mentions-legales\/","title":{"rendered":"Politique de confidentialit\u00e9"},"content":{"rendered":"\n<p>Pour consulter, modifier ou effacer vos donn\u00e9es en notre possession<\/p>\n\n\n\n\n    <h3>\n        Veuillez vous identifier par e-mail    <\/h3>\n    <form>\n        <label for=\"gdpr_email\">Entrez votre email<\/label>\n        <input type=\"hidden\" name=\"gdpr_action\" value=\"identify\" \/>\n        <input type=\"hidden\" name=\"gdpr_nonce\" value=\"4a09b3e539\" \/>\n        <input type=\"email\" id=\"gdpr_email\" name=\"email\" placeholder=\"Entrez votre email\" \/>\n        \n        <input type=\"submit\" value=\"Envoyer l\u2019e-mail\" id=\"gdpr-submit\"\/>\n    <\/form>\n\n\n\n\n\n\n<p>vous recevrez un mail avec les instructions.<\/p>\n\n\n\n<h3 class=\"wp-block-heading\">Mentions l\u00e9gales du site zollinger.fr<\/h3>\n\n\n\n<p>Maryvonne Zollinger<br>\nLa Garde<br>\n32250-Montr\u00e9al du Gers<br>\ninfo@cousinpatrice.fr<\/p>\n\n\n\n<p><strong>H\u00e9bergeur<\/strong> : <strong>o2switch <\/strong>Chemin des Pardiaux 63000 Clermont-Ferrand\u00a0<br><strong>Contact de l&rsquo;h\u00e9bergeur<\/strong> :\u00a0 +33 4 44 44 60 40<\/p>\n\n\n\n<p>En naviguant sur notre site, l\u2019internaute reconna\u00eet avoir pris connaissance et accept\u00e9 nos conditions g\u00e9n\u00e9rales d\u2019utilisation<\/p>\n\n\n\n<p>Donn\u00e9es personnelles :<\/p>\n\n\n\n<p>Les donn\u00e9es personnelles qui peuvent vous \u00eatre demand\u00e9es (exclusivement en vue de recevoir nos informations) sont vos nom pr\u00e9nom et adresse mails.<br>\nLe traitement de ces donn\u00e9es est en conformit\u00e9 avec le R\u00e8glement g\u00e9n\u00e9ral de protection des donn\u00e9es personnelles entr\u00e9 en vigueur le 25 Mai 2018.<br>\nVous pouvez faire valoir vos droits de consultation, de rectification et de suppression en le contactant \u00e0 l\u2019adresse suivante&nbsp; reglement@cousinpatrice.fr<br>\nNous nous engageons \u00e0 ne pas revendre ni donner ces informations qui ne sont pas conserv\u00e9es d\u00e8s lors que vous demandez \u00e0 ne plus recevoir notre newsletter.<\/p>\n\n\n\n<p>Cookies :<\/p>\n\n\n\n<p>En vue d\u2019am\u00e9liorer notre site, nous utilisons Google Analytics qui est un outil \u00ab d&rsquo;analyse d&rsquo;audience Internet permettant aux propri\u00e9taires de sites Web et d&rsquo;applications de mieux comprendre le comportement de leurs utilisateurs. Cet outil peut utiliser des cookies pour collecter des informations et g\u00e9n\u00e9rer des rapports sur les statistiques d&rsquo;utilisation d&rsquo;un site Web sans que les utilisateurs individuels soient identifi\u00e9s personnellement par Google.<br>\nOutre la g\u00e9n\u00e9ration de rapports sur les statistiques d&rsquo;utilisation d&rsquo;un site Web, Google Analytics permet \u00e9galement, en association avec certains des cookies publicitaires d\u00e9crits ci-dessus, d&rsquo;afficher des annonces plus pertinentes sur les sites Google (tels que la recherche Google) et sur le Web. \u00bb<br>\n<a href=\"https:\/\/www.google.fr\/intl\/fr\/policies\/technologies\/types\/\" target=\"_blank\" rel=\"noopener noreferrer\">https:\/\/www.google.fr\/intl\/fr\/policies\/technologies\/types\/<\/a><br>\nNous utilisons \u00e9galement les cookies n\u00e9cessaires \u00e0 l\u2019am\u00e9lioration de votre navigation sur notre site tenant compte exclusivement de votre navigateur.<\/p>\n\n\n\n<p>Propri\u00e9t\u00e9 intellectuelle :<\/p>\n\n\n\n<p>Le site web a \u00e9t\u00e9 r\u00e9alis\u00e9 par nos soins et ne peut faire l\u2019objet de reproduction.<\/p>\n\n\n\n<p>Photographies et contenu :<\/p>\n\n\n\n<p>Les photographies, vid\u00e9os,&nbsp; textes et&nbsp; illustrations&nbsp; publi\u00e9s sur le site ne peuvent faire l\u2019objet d\u2019aucune r\u00e9utilisation.<\/p>\n\n\n\n<p>Liens hypertextes :<\/p>\n\n\n\n<p>Le site www.zollinger.fr peut contenir des liens hypertextes renvoyant \u00e0 des pages ou des sites dont le contenu ne peut engager en rien sa responsabilit\u00e9.<br>\nLes liens hypertextes renvoyant vers notre site sont les bienvenus lorsqu\u2019ils \u00e9manent de sites respectant la l\u00e9gislation en vigueur.<\/p>\n","protected":false},"excerpt":{"rendered":"<p>Pour consulter, modifier ou effacer vos donn\u00e9es en notre possession vous recevrez un mail avec les instructions. Mentions l\u00e9gales du site zollinger.fr Maryvonne Zollinger La Garde 32250-Montr\u00e9al du Gers info@cousinpatrice.fr H\u00e9bergeur : o2switch Chemin des Pardiaux 63000 Clermont-Ferrand\u00a0Contact de l&rsquo;h\u00e9bergeur :\u00a0 +33 4 44 44 60 40 En naviguant sur notre site, l\u2019internaute reconna\u00eet avoir &#8230; <a title=\"Politique de confidentialit\u00e9\" class=\"read-more\" href=\"https:\/\/www.zollinger.fr\/index.php\/mentions-legales\/\" aria-label=\"En savoir plus sur Politique de confidentialit\u00e9\">Lire la suite<\/a><\/p>\n","protected":false},"author":3,"featured_media":0,"parent":0,"menu_order":0,"comment_status":"closed","ping_status":"closed","template":"","meta":{"footnotes":""},"class_list":["post-253","page","type-page","status-publish"],"_links":{"self":[{"href":"https:\/\/www.zollinger.fr\/index.php\/wp-json\/wp\/v2\/pages\/253","targetHints":{"allow":["GET"]}}],"collection":[{"href":"https:\/\/www.zollinger.fr\/index.php\/wp-json\/wp\/v2\/pages"}],"about":[{"href":"https:\/\/www.zollinger.fr\/index.php\/wp-json\/wp\/v2\/types\/page"}],"author":[{"embeddable":true,"href":"https:\/\/www.zollinger.fr\/index.php\/wp-json\/wp\/v2\/users\/3"}],"replies":[{"embeddable":true,"href":"https:\/\/www.zollinger.fr\/index.php\/wp-json\/wp\/v2\/comments?post=253"}],"version-history":[{"count":11,"href":"https:\/\/www.zollinger.fr\/index.php\/wp-json\/wp\/v2\/pages\/253\/revisions"}],"predecessor-version":[{"id":830,"href":"https:\/\/www.zollinger.fr\/index.php\/wp-json\/wp\/v2\/pages\/253\/revisions\/830"}],"wp:attachment":[{"href":"https:\/\/www.zollinger.fr\/index.php\/wp-json\/wp\/v2\/media?parent=253"}],"curies":[{"name":"wp","href":"https:\/\/api.w.org\/{rel}","templated":true}]}}